

{"id":108,"date":"2019-08-06T23:14:40","date_gmt":"2019-08-06T23:14:40","guid":{"rendered":"http:\/\/fonis-siamthai-massage.de\/?page_id=108"},"modified":"2022-05-03T14:35:38","modified_gmt":"2022-05-03T14:35:38","slug":"so-finden-sie-uns","status":"publish","type":"page","link":"https:\/\/fonis-siamthai-massage.de\/?page_id=108","title":{"rendered":"So finden Sie uns:"},"content":{"rendered":"\n<div class=\"wp-block-image\"><figure class=\"aligncenter\"><img loading=\"lazy\" decoding=\"async\" width=\"673\" height=\"506\" src=\"https:\/\/fonis-siamthai-massage.de\/wp-content\/uploads\/2019\/08\/Bildschirmfoto-2019-08-07-um-01.28.39.png\" alt=\"\" class=\"wp-image-111\" srcset=\"https:\/\/fonis-siamthai-massage.de\/wp-content\/uploads\/2019\/08\/Bildschirmfoto-2019-08-07-um-01.28.39.png 673w, https:\/\/fonis-siamthai-massage.de\/wp-content\/uploads\/2019\/08\/Bildschirmfoto-2019-08-07-um-01.28.39-300x226.png 300w\" sizes=\"auto, (max-width: 673px) 100vw, 673px\" \/><\/figure><\/div>\n\n\n\n<h2 class=\"wp-block-heading\">Fonis Siamthai-Massage<\/h2>\n\n\n\n<p>Wilhelmstr. 14,<\/p>\n\n\n\n<p>89518 Heidenheim<\/p>\n\n\n\n<p>Telefon: 07321 &#8211; 925 63 53<\/p>\n\n\n\n<p>Mobil: 0163 &#8211; 5967356<\/p>\n\n\n\n<p>Mitten im Zentrum Heidenheims, direkt an der B 466, rechte Stra\u00dfenseite Richtung G\u00f6ppingen\/Stuttgart. Parkpl\u00e4tze (Werktags tags\u00fcber kostenpflichtig) direkt vor der T\u00fcre.<\/p>\n\n\n\n<div class=\"wp-block-image\"><figure class=\"aligncenter\"><img loading=\"lazy\" decoding=\"async\" width=\"718\" height=\"437\" src=\"https:\/\/fonis-siamthai-massage.de\/wp-content\/uploads\/2019\/08\/Bildschirmfoto-2019-08-07-um-01.27.27.png\" alt=\"\" class=\"wp-image-110\" srcset=\"https:\/\/fonis-siamthai-massage.de\/wp-content\/uploads\/2019\/08\/Bildschirmfoto-2019-08-07-um-01.27.27.png 718w, https:\/\/fonis-siamthai-massage.de\/wp-content\/uploads\/2019\/08\/Bildschirmfoto-2019-08-07-um-01.27.27-300x183.png 300w\" sizes=\"auto, (max-width: 718px) 100vw, 718px\" \/><\/figure><\/div>\n\n\n\n<h2 class=\"wp-block-heading\">Thai-Massage Heidenheim <\/h2>\n\n\n\n<figure class=\"wp-block-image\"><img loading=\"lazy\" decoding=\"async\" width=\"718\" height=\"435\" src=\"https:\/\/fonis-siamthai-massage.de\/wp-content\/uploads\/2019\/08\/Bildschirmfoto-2019-08-07-um-01.30.31.png\" alt=\"\" class=\"wp-image-112\" srcset=\"https:\/\/fonis-siamthai-massage.de\/wp-content\/uploads\/2019\/08\/Bildschirmfoto-2019-08-07-um-01.30.31.png 718w, https:\/\/fonis-siamthai-massage.de\/wp-content\/uploads\/2019\/08\/Bildschirmfoto-2019-08-07-um-01.30.31-300x182.png 300w\" sizes=\"auto, (max-width: 718px) 100vw, 718px\" \/><\/figure>\n\n\n\n<p>\n+\n\u2212\n\u00a9 OpenStreetMap contributors. WP OSM PluginE\n\n\n        <div id=\"map_ol3js_1\"\n             class=\"map undefined\"\n             data-map_name=\"undefined\"\n             data-map=\"map_ol3js_1\"\n             style=\"width:95%;\n                    max-width:100%;\n                    height:450px;\n                    display:block;\n                    overflow:hidden;\n                    border:thin solid;\">\n          <div id=\"map_ol3js_1_popup\" class=\"ol-popup\">\n            <a href=\"#\" id=\"map_ol3js_1_popup-closer\" class=\"ol-popup-closer\"><\/a>\n            <div id=\"map_ol3js_1_popup-content\"><\/div>\n          <\/div>\n        <\/div>\n    \n\n\t\t\t\t<script type=\"text\/javascript\">\n\t\t\t\t\ttranslations['openlayer'] = \"open layer\";\n\t\t\t\t\ttranslations['openlayerAtStartup'] = \"open layer at startup\";\n\t\t\t\t\ttranslations['generateLink'] = \"Der Link zur Karte mit ausgew\u00e4hlten Overlays und angezeigtem Ausschnitt\";\n\t\t\t\t\ttranslations['shortDescription'] = \"Kurzbeschreibung\";\n\t\t\t\t\ttranslations['generatedShortCode'] = \"to get a text control link paste this code in your wordpress editor\";\n\t\t\t\t\ttranslations['closeLayer'] = \"close layer\";\n\t\t\t\t\ttranslations['cantGenerateLink'] = \"put this string in the existing map short code to control this map\";\n\t\t\t  <\/script>\n\n\n\t\t\t  <script type=\"text\/javascript\">\n\t\t\t  vectorM['map_ol3js_1'] = [];\n\t        \n        var raster = getTileLayer(\"\",\"NoKey\");\t\t\t\n\n\t\t\t  var map_ol3js_1 = new ol.Map({\n\t\t\t\tinteractions: ol.interaction.defaults.defaults({mouseWheelZoom:false}),\n\t\t\t\tlayers: [raster],\n\t\t\t\ttarget: \"map_ol3js_1\",\n\t\t\t\tview: new ol.View({\n\t\t\t\t  center: ol.proj.transform([10.1493,48.6794], \"EPSG:4326\", \"EPSG:3857\"),\n\t\t\t\t  zoom: 20.47068502409708\n\t\t\t\t})\n\t\t\t  });\n\t\t\t  osm_addMarkerLayer(map_ol3js_1,10.1493,48.6794,\"https:\/\/fonis-siamthai-massage.de\/wp-content\/plugins\/osm\/icons\/mic_blue_empty_01.png\",-16,-41,\"<p><\/p>\") ; \naddControls2Map(map_ol3js_1,0,0,3,0,5,6,7,0,1);\nosm_addPopupClickhandler(map_ol3js_1,  \"map_ol3js_1\"); \nosm_addMouseHover(map_ol3js_1); <\/script><\/p>\n","protected":false},"excerpt":{"rendered":"<p>Fonis Siamthai-Massage Wilhelmstr. 14, 89518 Heidenheim Telefon: 07321 &#8211; 925 63 53 Mobil: 0163 &#8211; 5967356 Mitten im Zentrum Heidenheims, direkt an der B 466, rechte Stra\u00dfenseite Richtung G\u00f6ppingen\/Stuttgart. Parkpl\u00e4tze (Werktags tags\u00fcber kostenpflichtig) direkt vor der T\u00fcre. Thai-Massage Heidenheim + \u2212 \u00a9 OpenStreetMap contributors. WP OSM PluginE<\/p>\n","protected":false},"author":1,"featured_media":0,"parent":31,"menu_order":8,"comment_status":"closed","ping_status":"closed","template":"","meta":{"footnotes":""},"class_list":["post-108","page","type-page","status-publish","hentry"],"_links":{"self":[{"href":"https:\/\/fonis-siamthai-massage.de\/index.php?rest_route=\/wp\/v2\/pages\/108","targetHints":{"allow":["GET"]}}],"collection":[{"href":"https:\/\/fonis-siamthai-massage.de\/index.php?rest_route=\/wp\/v2\/pages"}],"about":[{"href":"https:\/\/fonis-siamthai-massage.de\/index.php?rest_route=\/wp\/v2\/types\/page"}],"author":[{"embeddable":true,"href":"https:\/\/fonis-siamthai-massage.de\/index.php?rest_route=\/wp\/v2\/users\/1"}],"replies":[{"embeddable":true,"href":"https:\/\/fonis-siamthai-massage.de\/index.php?rest_route=%2Fwp%2Fv2%2Fcomments&post=108"}],"version-history":[{"count":9,"href":"https:\/\/fonis-siamthai-massage.de\/index.php?rest_route=\/wp\/v2\/pages\/108\/revisions"}],"predecessor-version":[{"id":181,"href":"https:\/\/fonis-siamthai-massage.de\/index.php?rest_route=\/wp\/v2\/pages\/108\/revisions\/181"}],"up":[{"embeddable":true,"href":"https:\/\/fonis-siamthai-massage.de\/index.php?rest_route=\/wp\/v2\/pages\/31"}],"wp:attachment":[{"href":"https:\/\/fonis-siamthai-massage.de\/index.php?rest_route=%2Fwp%2Fv2%2Fmedia&parent=108"}],"curies":[{"name":"wp","href":"https:\/\/api.w.org\/{rel}","templated":true}]}}