

{"id":31,"date":"2019-08-04T22:50:11","date_gmt":"2019-08-04T22:50:11","guid":{"rendered":"http:\/\/fonis-siamthai-massage.de\/?page_id=31"},"modified":"2022-05-03T14:33:12","modified_gmt":"2022-05-03T14:33:12","slug":"fonis-siamthai-massage","status":"publish","type":"page","link":"https:\/\/fonis-siamthai-massage.de\/","title":{"rendered":"Fonis Siamthai-Massage"},"content":{"rendered":"\n<p><\/p>\n\n\n\n<p><\/p>\n\n\n\n<div class=\"wp-block-image\"><figure class=\"aligncenter\"><img loading=\"lazy\" decoding=\"async\" width=\"1024\" height=\"769\" src=\"https:\/\/fonis-siamthai-massage.de\/wp-content\/uploads\/2019\/08\/IMG_3093-1024x769.jpg\" alt=\"\" class=\"wp-image-26\"\/><\/figure><\/div>\n\n\n\n<ul class=\"wp-block-list\"><li>Sie haben Schmerzen oder Verspannungen?<\/li><li>Sie suchen eine Thai-Massage in Heidenheim?<\/li><li>Sie m\u00f6chten mit einer Thai-Massage einmal richtig Ent-spannen?<\/li><li>Sie wollen mit einer \u00d6l-Wellness-Massage mit hochwertigen \u00d6len neue Kr\u00e4fte sammeln?<\/li><li>Oder suchen Sie f\u00fcr Ihre Lieben Geschenk-Gutscheine?<\/li><\/ul>\n\n\n\n<h2 class=\"wp-block-heading\">Traditionelle Thai-Massage Heidenheim<\/h2>\n\n\n\n<div class=\"wp-block-image\"><figure class=\"aligncenter\"><img loading=\"lazy\" decoding=\"async\" width=\"1024\" height=\"768\" src=\"https:\/\/fonis-siamthai-massage.de\/wp-content\/uploads\/2019\/08\/IMG_3049-1024x768.jpg\" alt=\"\" class=\"wp-image-13\"\/><\/figure><\/div>\n\n\n\n<p>Die traditionelle Thai-Massage ist die beliebteste Massage in Thailand und wird&nbsp;dort allerorts und sogar in Krankenh\u00e4usern als Heilmassage praktiziert.&nbsp;Unter sanftem Einsatz von Dreh- und Streckbewegungen sowie von&nbsp;Akupressur werden Blockaden gel\u00f6st und das Wohlbefinden wiederhergestellt.&nbsp;<\/p>\n\n\n\n<p>Egal ob Vorbeugung oder bei Schmerzen durch Verspannungen, wer einmal&nbsp;eine Thai-Massage genossen hat, merkt schnell, dass diese Form der ganzheitlichen K\u00f6rpermassage etwas ganz Besonderes ist!<\/p>\n\n\n\n<div class=\"wp-block-image\"><figure class=\"aligncenter\"><img loading=\"lazy\" decoding=\"async\" width=\"1024\" height=\"768\" src=\"https:\/\/fonis-siamthai-massage.de\/wp-content\/uploads\/2019\/08\/IMG_3036-1024x768.jpg\" alt=\"\" class=\"wp-image-11\"\/><\/figure><\/div>\n\n\n\n<h2 class=\"wp-block-heading\">Massage und Entspannung<\/h2>\n\n\n\n<p>Unser Angebot richtet sich an alle Kunden in Heidenheim, Herbrechtingen, Nattheim, Giengen a.d. Brenz, Sontheim, Dornstadt, Neresheim, Bopfingen, Westhausen, Aalen, Essingen, K\u00f6nigsbronn, Oberkochen, Steinheim, B\u00f6hmenkirch, Geislingen a.d. Steige, Gerstetten, S\u00f6hnstetten, Niederstotzingen, Langenau, Altheim, Neenstetten, Donzdorf und den gesamten Gro\u00dfraum der Ostalb. Lassen Sie sich verw\u00f6hnen mit einer professionellen Massage!<\/p>\n\n\n\n<figure class=\"wp-block-image\"><img loading=\"lazy\" decoding=\"async\" width=\"599\" height=\"677\" src=\"https:\/\/fonis-siamthai-massage.de\/wp-content\/uploads\/2019\/08\/Bildschirmfoto-2019-08-05-um-01.14.33.png\" alt=\"\" class=\"wp-image-40\" srcset=\"https:\/\/fonis-siamthai-massage.de\/wp-content\/uploads\/2019\/08\/Bildschirmfoto-2019-08-05-um-01.14.33.png 599w, https:\/\/fonis-siamthai-massage.de\/wp-content\/uploads\/2019\/08\/Bildschirmfoto-2019-08-05-um-01.14.33-265x300.png 265w\" sizes=\"auto, (max-width: 599px) 100vw, 599px\" \/><\/figure>\n\n\n\n<h2 class=\"wp-block-heading\">Foni (Sunantha) Wiedemann<\/h2>\n\n\n\n<p>Wilhelmstr. 14 89518 Heidenheim<\/p>\n\n\n\n<p><a href=\"mailto:siamthai-massage@t-online.de\">siamthai-massage@t-online.de<\/a><\/p>\n\n\n\n<ul class=\"wp-block-list\"><li>Tel.: 07321-925 63 53<\/li><li>Mob.: 0163-596 73 56<\/li><\/ul>\n\n\n\n<h2 class=\"wp-block-heading\">\u00d6ffnungszeiten:<\/h2>\n\n\n\n<ul class=\"wp-block-list\"><li>Mo.-Fr.: 10:00-20:00<\/li><li>Sa.: 10:00-16:00<\/li><\/ul>\n\n\n\n\n        <div id=\"map_ol3js_1\"\n             class=\"map undefined\"\n             data-map_name=\"undefined\"\n             data-map=\"map_ol3js_1\"\n             style=\"width:95%;\n                    max-width:100%;\n                    height:450px;\n                    display:block;\n                    overflow:hidden;\n                    border:thin solid;\">\n          <div id=\"map_ol3js_1_popup\" class=\"ol-popup\">\n            <a href=\"#\" id=\"map_ol3js_1_popup-closer\" class=\"ol-popup-closer\"><\/a>\n            <div id=\"map_ol3js_1_popup-content\"><\/div>\n          <\/div>\n        <\/div>\n    \n\n\t\t\t\t<script type=\"text\/javascript\">\n\t\t\t\t\ttranslations['openlayer'] = \"open layer\";\n\t\t\t\t\ttranslations['openlayerAtStartup'] = \"open layer at startup\";\n\t\t\t\t\ttranslations['generateLink'] = \"Der Link zur Karte mit ausgew\u00e4hlten Overlays und angezeigtem Ausschnitt\";\n\t\t\t\t\ttranslations['shortDescription'] = \"Kurzbeschreibung\";\n\t\t\t\t\ttranslations['generatedShortCode'] = \"to get a text control link paste this code in your wordpress editor\";\n\t\t\t\t\ttranslations['closeLayer'] = \"close layer\";\n\t\t\t\t\ttranslations['cantGenerateLink'] = \"put this string in the existing map short code to control this map\";\n\t\t\t  <\/script>\n\n\n\t\t\t  <script type=\"text\/javascript\">\n\t\t\t  vectorM['map_ol3js_1'] = [];\n\t        \n        var raster = getTileLayer(\"\",\"NoKey\");\t\t\t\n\n\t\t\t  var map_ol3js_1 = new ol.Map({\n\t\t\t\tinteractions: ol.interaction.defaults.defaults({mouseWheelZoom:false}),\n\t\t\t\tlayers: [raster],\n\t\t\t\ttarget: \"map_ol3js_1\",\n\t\t\t\tview: new ol.View({\n\t\t\t\t  center: ol.proj.transform([10.1493,48.6794], \"EPSG:4326\", \"EPSG:3857\"),\n\t\t\t\t  zoom: 18\n\t\t\t\t})\n\t\t\t  });\n\t\t\t  osm_addMarkerLayer(map_ol3js_1,10.1493,48.6794,\"https:\/\/fonis-siamthai-massage.de\/wp-content\/plugins\/osm\/icons\/mic_blue_empty_01.png\",-16,-41,\"<p><\/p>\") ; \naddControls2Map(map_ol3js_1,0,0,3,0,5,6,7,0,1);\nosm_addPopupClickhandler(map_ol3js_1,  \"map_ol3js_1\"); \nosm_addMouseHover(map_ol3js_1); <\/script>\n\n\n\n<p><\/p>\n","protected":false},"excerpt":{"rendered":"<p>Sie haben Schmerzen oder Verspannungen? Sie suchen eine Thai-Massage in Heidenheim? Sie m\u00f6chten mit einer Thai-Massage einmal richtig Ent-spannen? Sie wollen mit einer \u00d6l-Wellness-Massage mit hochwertigen \u00d6len neue Kr\u00e4fte sammeln? Oder suchen Sie f\u00fcr Ihre Lieben Geschenk-Gutscheine? Traditionelle Thai-Massage Heidenheim Die traditionelle Thai-Massage ist die beliebteste Massage in Thailand und wird&nbsp;dort allerorts und sogar in &hellip; <\/p>\n<p class=\"link-more\"><a href=\"https:\/\/fonis-siamthai-massage.de\/\" class=\"more-link\"><span class=\"screen-reader-text\">\u201eFonis Siamthai-Massage\u201c <\/span>weiterlesen<\/a><\/p>\n","protected":false},"author":1,"featured_media":0,"parent":0,"menu_order":1,"comment_status":"closed","ping_status":"closed","template":"","meta":{"footnotes":""},"class_list":["post-31","page","type-page","status-publish","hentry"],"_links":{"self":[{"href":"https:\/\/fonis-siamthai-massage.de\/index.php?rest_route=\/wp\/v2\/pages\/31","targetHints":{"allow":["GET"]}}],"collection":[{"href":"https:\/\/fonis-siamthai-massage.de\/index.php?rest_route=\/wp\/v2\/pages"}],"about":[{"href":"https:\/\/fonis-siamthai-massage.de\/index.php?rest_route=\/wp\/v2\/types\/page"}],"author":[{"embeddable":true,"href":"https:\/\/fonis-siamthai-massage.de\/index.php?rest_route=\/wp\/v2\/users\/1"}],"replies":[{"embeddable":true,"href":"https:\/\/fonis-siamthai-massage.de\/index.php?rest_route=%2Fwp%2Fv2%2Fcomments&post=31"}],"version-history":[{"count":21,"href":"https:\/\/fonis-siamthai-massage.de\/index.php?rest_route=\/wp\/v2\/pages\/31\/revisions"}],"predecessor-version":[{"id":183,"href":"https:\/\/fonis-siamthai-massage.de\/index.php?rest_route=\/wp\/v2\/pages\/31\/revisions\/183"}],"wp:attachment":[{"href":"https:\/\/fonis-siamthai-massage.de\/index.php?rest_route=%2Fwp%2Fv2%2Fmedia&parent=31"}],"curies":[{"name":"wp","href":"https:\/\/api.w.org\/{rel}","templated":true}]}}