{"id":67,"date":"2019-08-06T22:06:55","date_gmt":"2019-08-06T22:06:55","guid":{"rendered":"http:\/\/fonis-siamthai-massage.de\/?page_id=67"},"modified":"2019-08-29T11:07:42","modified_gmt":"2019-08-29T11:07:42","slug":"unsere-raeume","status":"publish","type":"page","link":"https:\/\/fonis-siamthai-massage.de\/?page_id=67","title":{"rendered":"Unsere R\u00e4ume"},"content":{"rendered":"\n<h2 class=\"wp-block-heading\">Unser Raum f\u00fcr Paar &#8211; Massagen<\/h2>\n\n\n\n<div class=\"wp-block-image\"><figure class=\"aligncenter\"><img loading=\"lazy\" decoding=\"async\" width=\"1024\" height=\"768\" src=\"https:\/\/fonis-siamthai-massage.de\/wp-content\/uploads\/2019\/08\/IMG_3034-1024x768.jpg\" alt=\"\" class=\"wp-image-10\"\/><\/figure><\/div>\n\n\n\n<h2 class=\"wp-block-heading\">Fonis Siamthai &#8211; Massage<\/h2>\n\n\n\n<div class=\"wp-block-image\"><figure class=\"aligncenter\"><img loading=\"lazy\" decoding=\"async\" width=\"1024\" height=\"768\" src=\"https:\/\/fonis-siamthai-massage.de\/wp-content\/uploads\/2019\/08\/IMG_3036-1024x768.jpg\" alt=\"\" class=\"wp-image-11\"\/><\/figure><\/div>\n\n\n\n<h2 class=\"wp-block-heading\">Thai-Massage Heidenheim<\/h2>\n\n\n\n<div class=\"wp-block-image\"><figure class=\"aligncenter\"><img loading=\"lazy\" decoding=\"async\" width=\"1024\" height=\"768\" src=\"https:\/\/fonis-siamthai-massage.de\/wp-content\/uploads\/2019\/08\/IMG_3043-1024x768.jpg\" alt=\"\" class=\"wp-image-12\"\/><\/figure><\/div>\n\n\n\n<p>Diskretion ist f\u00fcr uns selbstverst\u00e4ndlich.&nbsp;Das Besondere an unseren R\u00e4umlichkeiten sind die durch W\u00e4nde und T\u00fcren abgetrennten Einzelzimmer, sodass die Privatsph\u00e4re gewahrt bleibt.&nbsp;Unsere Kundentermine sind mit gen\u00fcgend Abstand aufeinander abgestimmt.&nbsp;Nur wenn unsere G\u00e4ste mit unserer Leistung zufrieden sind,&nbsp;sind wir es auch!<\/p>\n","protected":false},"excerpt":{"rendered":"<p>Unser Raum f\u00fcr Paar &#8211; Massagen Fonis Siamthai &#8211; Massage Thai-Massage Heidenheim Diskretion ist f\u00fcr uns selbstverst\u00e4ndlich.&nbsp;Das Besondere an unseren R\u00e4umlichkeiten sind die durch W\u00e4nde und T\u00fcren abgetrennten Einzelzimmer, sodass die Privatsph\u00e4re gewahrt bleibt.&nbsp;Unsere Kundentermine sind mit gen\u00fcgend Abstand aufeinander abgestimmt.&nbsp;Nur wenn unsere G\u00e4ste mit unserer Leistung zufrieden sind,&nbsp;sind wir es auch!<\/p>\n","protected":false},"author":1,"featured_media":0,"parent":31,"menu_order":5,"comment_status":"closed","ping_status":"closed","template":"","meta":{"footnotes":""},"class_list":["post-67","page","type-page","status-publish","hentry"],"_links":{"self":[{"href":"https:\/\/fonis-siamthai-massage.de\/index.php?rest_route=\/wp\/v2\/pages\/67","targetHints":{"allow":["GET"]}}],"collection":[{"href":"https:\/\/fonis-siamthai-massage.de\/index.php?rest_route=\/wp\/v2\/pages"}],"about":[{"href":"https:\/\/fonis-siamthai-massage.de\/index.php?rest_route=\/wp\/v2\/types\/page"}],"author":[{"embeddable":true,"href":"https:\/\/fonis-siamthai-massage.de\/index.php?rest_route=\/wp\/v2\/users\/1"}],"replies":[{"embeddable":true,"href":"https:\/\/fonis-siamthai-massage.de\/index.php?rest_route=%2Fwp%2Fv2%2Fcomments&post=67"}],"version-history":[{"count":4,"href":"https:\/\/fonis-siamthai-massage.de\/index.php?rest_route=\/wp\/v2\/pages\/67\/revisions"}],"predecessor-version":[{"id":134,"href":"https:\/\/fonis-siamthai-massage.de\/index.php?rest_route=\/wp\/v2\/pages\/67\/revisions\/134"}],"up":[{"embeddable":true,"href":"https:\/\/fonis-siamthai-massage.de\/index.php?rest_route=\/wp\/v2\/pages\/31"}],"wp:attachment":[{"href":"https:\/\/fonis-siamthai-massage.de\/index.php?rest_route=%2Fwp%2Fv2%2Fmedia&parent=67"}],"curies":[{"name":"wp","href":"https:\/\/api.w.org\/{rel}","templated":true}]}}