{"id":71,"date":"2019-08-06T22:08:12","date_gmt":"2019-08-06T22:08:12","guid":{"rendered":"http:\/\/fonis-siamthai-massage.de\/?page_id=71"},"modified":"2025-06-13T12:09:28","modified_gmt":"2025-06-13T12:09:28","slug":"unsere-preise","status":"publish","type":"page","link":"https:\/\/fonis-siamthai-massage.de\/?page_id=71","title":{"rendered":"Unsere Preise"},"content":{"rendered":"\n<h2 class=\"wp-block-heading\">Fonis Siamthai &#8211; Massage<\/h2>\n\n\n\n<p><\/p>\n\n\n<div class=\"wp-block-image\">\n<figure class=\"aligncenter\"><img loading=\"lazy\" decoding=\"async\" width=\"1024\" height=\"732\" src=\"https:\/\/fonis-siamthai-massage.de\/wp-content\/uploads\/2019\/08\/IMG_3106-1024x732.jpg\" alt=\"\" class=\"wp-image-27\"\/><\/figure>\n<\/div>\n\n\n<p>Alle Massagen als Gutschein erh\u00e4ltlich. Gutscheine k\u00f6nnen auch&nbsp; bequem f\u00fcr Sie per Post zu&nbsp;Ihnen geschickt werden. Bezahlen Sie einfach per \u00dcberweisung !<\/p>\n\n\n\n<figure class=\"wp-block-image\"><img loading=\"lazy\" decoding=\"async\" width=\"1024\" height=\"768\" src=\"https:\/\/fonis-siamthai-massage.de\/wp-content\/uploads\/2019\/08\/IMG_3075-1024x768.jpg\" alt=\"\" class=\"wp-image-20\"\/><\/figure>\n\n\n\n<ul class=\"wp-block-list\">\n<li>Traditionelle Thai &#8211; Massage: 30 min. 30.- \u20ac, 60 min. 45,- \u20ac &nbsp;90 min. 60,- \u20ac &nbsp;120 min. 80,- \u20ac<\/li>\n\n\n\n<li>6er-Karte 250.-\/340.-<\/li>\n\n\n\n<li>10er-Karte 430.-\/570.-<\/li>\n\n\n\n<li>Traditionelle Thai &#8211; \u00d6l &#8211; Massage: 30 min. 30.- \u20ac, 60 min. 45,- \u20ac &nbsp;90 min. 60,- \u20ac &nbsp;120 min. 80,- \u20ac<\/li>\n\n\n\n<li>6er-Karte 250.-\/340.-<\/li>\n\n\n\n<li>10er-Karte 430.-\/570.-<\/li>\n\n\n\n<li>Aroma &#8211; \u00d6l &#8211; Massage: 30 min. 30.- \u20ac, 60 min. 45,- \u20ac &nbsp;90 min. 60,- \u20ac &nbsp;120 min. 80,- \u20ac<\/li>\n\n\n\n<li>6er-Karte 250.-\/340.-<\/li>\n\n\n\n<li>10er-Karte 430.-\/570.-<\/li>\n\n\n\n<li>Kr\u00e4uterstempel &#8211; Massage: 30 min. 30.- \u20ac, 60 min. 50,- \u20ac &nbsp;90 min. 70,- \u20ac, 120 min. 85,- \u20ac<\/li>\n\n\n\n<li>6er-Karte 270.-\/400.-<\/li>\n\n\n\n<li>10er-Karte 470.-\/650.-<\/li>\n\n\n\n<li>Hot &#8211; Stone &#8211; Massage: 30 min. 30.- \u20ac, 60 min. 50,- \u20ac &nbsp;90 min 65,- \u20ac, 120 min. 85,- \u20ac<\/li>\n\n\n\n<li>6er-Karte 270.-\/400.-<\/li>\n\n\n\n<li>10er-Karte 470.-\/650.-<\/li>\n\n\n\n<li>R\u00fccken &#8211; oder Fu\u00df &#8211; Massage: 30 min 30,- \u20ac<\/li>\n\n\n\n<li>6er-Karte 160.-<\/li>\n\n\n\n<li>10er-Karte 270.-<\/li>\n<\/ul>\n\n\n\n<pre class=\"wp-block-preformatted\">Die Preise f\u00fcr 6er- und 10er-Karten verstehen sich jeweils f\u00fcr 60 beziehungsweise 90 Minuten<\/pre>\n\n\n\n<h2 class=\"wp-block-heading\">Thai-Massage Heidenheim <\/h2>\n\n\n\n<blockquote class=\"wp-block-quote is-layout-flow wp-block-quote-is-layout-flow\">\n<figure class=\"wp-block-image size-full\"><img loading=\"lazy\" decoding=\"async\" width=\"385\" height=\"606\" src=\"https:\/\/fonis-siamthai-massage.de\/wp-content\/uploads\/2025\/06\/cfab8aaa-5028-405f-955f-bca3caa0acb9.jpeg\" alt=\"Preise 2025\" class=\"wp-image-193\" srcset=\"https:\/\/fonis-siamthai-massage.de\/wp-content\/uploads\/2025\/06\/cfab8aaa-5028-405f-955f-bca3caa0acb9.jpeg 385w, https:\/\/fonis-siamthai-massage.de\/wp-content\/uploads\/2025\/06\/cfab8aaa-5028-405f-955f-bca3caa0acb9-191x300.jpeg 191w\" sizes=\"auto, (max-width: 385px) 100vw, 385px\" \/><\/figure>\n<\/blockquote>\n\n\n<div class=\"wp-block-image\">\n<figure class=\"aligncenter\"><img loading=\"lazy\" decoding=\"async\" width=\"1024\" height=\"768\" src=\"https:\/\/fonis-siamthai-massage.de\/wp-content\/uploads\/2019\/08\/IMG_3077-1024x768.jpg\" alt=\"\" class=\"wp-image-22\"\/><\/figure>\n<\/div>\n\n\n<h2 class=\"wp-block-heading\">Entspannung und Massage in Heidenheim<\/h2>\n\n\n<div class=\"wp-block-image\">\n<figure class=\"aligncenter\"><img loading=\"lazy\" decoding=\"async\" width=\"513\" height=\"558\" src=\"https:\/\/fonis-siamthai-massage.de\/wp-content\/uploads\/2019\/08\/Bildschirmfoto-2019-08-07-um-01.07.28.png\" alt=\"\" class=\"wp-image-105\" srcset=\"https:\/\/fonis-siamthai-massage.de\/wp-content\/uploads\/2019\/08\/Bildschirmfoto-2019-08-07-um-01.07.28.png 513w, https:\/\/fonis-siamthai-massage.de\/wp-content\/uploads\/2019\/08\/Bildschirmfoto-2019-08-07-um-01.07.28-276x300.png 276w\" sizes=\"auto, (max-width: 513px) 100vw, 513px\" \/><\/figure>\n<\/div>","protected":false},"excerpt":{"rendered":"<p>Fonis Siamthai &#8211; Massage Alle Massagen als Gutschein erh\u00e4ltlich. Gutscheine k\u00f6nnen auch&nbsp; bequem f\u00fcr Sie per Post zu&nbsp;Ihnen geschickt werden. Bezahlen Sie einfach per \u00dcberweisung ! Die Preise f\u00fcr 6er- und 10er-Karten verstehen sich jeweils f\u00fcr 60 beziehungsweise 90 Minuten Thai-Massage Heidenheim Entspannung und Massage in Heidenheim<\/p>\n","protected":false},"author":1,"featured_media":0,"parent":31,"menu_order":7,"comment_status":"closed","ping_status":"closed","template":"","meta":{"footnotes":""},"class_list":["post-71","page","type-page","status-publish","hentry"],"_links":{"self":[{"href":"https:\/\/fonis-siamthai-massage.de\/index.php?rest_route=\/wp\/v2\/pages\/71","targetHints":{"allow":["GET"]}}],"collection":[{"href":"https:\/\/fonis-siamthai-massage.de\/index.php?rest_route=\/wp\/v2\/pages"}],"about":[{"href":"https:\/\/fonis-siamthai-massage.de\/index.php?rest_route=\/wp\/v2\/types\/page"}],"author":[{"embeddable":true,"href":"https:\/\/fonis-siamthai-massage.de\/index.php?rest_route=\/wp\/v2\/users\/1"}],"replies":[{"embeddable":true,"href":"https:\/\/fonis-siamthai-massage.de\/index.php?rest_route=%2Fwp%2Fv2%2Fcomments&post=71"}],"version-history":[{"count":14,"href":"https:\/\/fonis-siamthai-massage.de\/index.php?rest_route=\/wp\/v2\/pages\/71\/revisions"}],"predecessor-version":[{"id":196,"href":"https:\/\/fonis-siamthai-massage.de\/index.php?rest_route=\/wp\/v2\/pages\/71\/revisions\/196"}],"up":[{"embeddable":true,"href":"https:\/\/fonis-siamthai-massage.de\/index.php?rest_route=\/wp\/v2\/pages\/31"}],"wp:attachment":[{"href":"https:\/\/fonis-siamthai-massage.de\/index.php?rest_route=%2Fwp%2Fv2%2Fmedia&parent=71"}],"curies":[{"name":"wp","href":"https:\/\/api.w.org\/{rel}","templated":true}]}}