{"id":79,"date":"2019-08-06T22:14:46","date_gmt":"2019-08-06T22:14:46","guid":{"rendered":"http:\/\/fonis-siamthai-massage.de\/?page_id=79"},"modified":"2019-11-19T14:43:42","modified_gmt":"2019-11-19T14:43:42","slug":"produkte","status":"publish","type":"page","link":"https:\/\/fonis-siamthai-massage.de\/?page_id=79","title":{"rendered":"Produkte Thai-Massage"},"content":{"rendered":"\n<h2 class=\"wp-block-heading\">Fonis Kr\u00e4uterstempel &#8211; Massage<\/h2>\n\n\n\n<div class=\"wp-block-image\"><figure class=\"aligncenter\"><img loading=\"lazy\" decoding=\"async\" width=\"1024\" height=\"768\" src=\"https:\/\/fonis-siamthai-massage.de\/wp-content\/uploads\/2019\/08\/IMG_3052-1024x768.jpg\" alt=\"\" class=\"wp-image-14\"\/><\/figure><\/div>\n\n\n\n<div class=\"wp-block-image\"><figure class=\"aligncenter\"><img loading=\"lazy\" decoding=\"async\" width=\"1024\" height=\"768\" src=\"https:\/\/fonis-siamthai-massage.de\/wp-content\/uploads\/2019\/08\/IMG_3061-1024x768.jpg\" alt=\"\" class=\"wp-image-15\"\/><\/figure><\/div>\n\n\n\n<p>Die traditionelle Thai &#8211; Kr\u00e4uterstempel &#8211; Massage ist eine&nbsp;spezifische Massageform, bei der die Harmonie von K\u00f6rper und Seele durch die orientalischen D\u00fcfte der Kr\u00e4uterzusammenstellungen wiederhergestellt wird. F\u00fcr die Herstellung solcher Herbal-Ball-Kompressen werden&nbsp;thail\u00e4ndische Kr\u00e4uter und Gew\u00fcrze zerkleinert und in ein&nbsp;faustgro\u00dfes Baumwoll- oder Leintuch gef\u00fcllt und mit einer&nbsp;speziellen Wickeltechnik zusammengebunden. <\/p>\n\n\n\n<p>Der Herbal Ball ist in Deutschland unter der Bezeichnung&nbsp;Kr\u00e4uterstempel bekannt. Die bis zu 60 Grad im Wasserdampf erhitzten Stempel werden zu Beginn der Massageanwendung am K\u00f6rper nur leicht angedr\u00fcckt bzw. abgeklopft. Durch kurze thermische Reize wird der K\u00f6rper an die Temperatur der Stempel gew\u00f6hnt. Mit gezielten harmonischen und kreisf\u00f6rmigen Bewegungen werden die Energiebahnen des K\u00f6rpers massiert und durch den w\u00e4rmenden Druck der aufgeheizten Stempel entfalten&nbsp;die Kr\u00e4uters\u00e4fte ihre Wirkung und k\u00f6nnen so \u00fcber die Hautporen aufgenommen werden. <\/p>\n\n\n\n<p>Besonders ist dabei, dass hierdurch ein durchblutungs- und entschlackungsf\u00f6rdernder Prozess im K\u00f6rper angeregt wird. F\u00fcr unsere Kr\u00e4uterstempel &#8211; Massage verwenden wir&nbsp;ausschlie\u00dflich original in Thailand hergestellte Stempel!<\/p>\n\n\n\n<div class=\"wp-block-image\"><figure class=\"aligncenter\"><img loading=\"lazy\" decoding=\"async\" width=\"735\" height=\"552\" src=\"https:\/\/fonis-siamthai-massage.de\/wp-content\/uploads\/2019\/08\/Bildschirmfoto-2019-08-07-um-00.20.37.png\" alt=\"\" class=\"wp-image-85\" srcset=\"https:\/\/fonis-siamthai-massage.de\/wp-content\/uploads\/2019\/08\/Bildschirmfoto-2019-08-07-um-00.20.37.png 735w, https:\/\/fonis-siamthai-massage.de\/wp-content\/uploads\/2019\/08\/Bildschirmfoto-2019-08-07-um-00.20.37-300x225.png 300w\" sizes=\"auto, (max-width: 735px) 100vw, 735px\" \/><\/figure><\/div>\n\n\n\n<h2 class=\"wp-block-heading\">Fonis Traditionelle Thai &#8211; Massage<\/h2>\n\n\n\n<p>Die traditionelle Thai &#8211; Massage ist eine Massageart, die nun seit mehr als 2500 Jahren erfolgreich angewandt wird. Durch entsprechendes anwenden von Stretching, Akupressur und Bearbeiten der Energielinien wird ein anhaltendes k\u00f6rperliches Wohlbefinden erziehlt. Durch diese Art erfahren Sie eine tiefe Entspannung und k\u00f6nnen somit&nbsp;sehr leicht den allt\u00e4glichen Stress sehr gut abbauen.<\/p>\n\n\n\n<p>Muskel und Bindegewebeverklebungen werden aufgel\u00f6st und entsprechende Schadstoffablagerungen k\u00f6nnen somit aus dem Bindegewebe freigesetzt und auf nat\u00fcrliche Art aus dem K\u00f6rper ausgeschieden werden. Die Massage wirkt vitalisierend und spendet Ihnen neue&nbsp;Energie, die Durchblutung im K\u00f6rper wird ebenfalls gef\u00f6rdert, sodass eine bessere Sauerstoff- und N\u00e4hrstoffversorgung in den Organen und Gewebe erm\u00f6glicht wird.<\/p>\n\n\n\n<p>Der nat\u00fcrliche Rhytmus wird wieder in Einklang gebracht, bestehende Blockaden wie Muskelverspannungen, Kopfschmerzen werden gel\u00f6st und die k\u00f6rpereigenen Abwehrstoffe angeregt. Probieren Sie diese \u00fcber 2500 Jahre alte und bew\u00e4hrte&nbsp;Massageart einfach einmal aus und Sie werden sehen, wie man in der heutigen Zeit wieder zur inneren Ausgeglichenheit zur\u00fcckfinden kann.<\/p>\n\n\n\n<div class=\"wp-block-image\"><figure class=\"aligncenter\"><img loading=\"lazy\" decoding=\"async\" width=\"407\" height=\"544\" src=\"https:\/\/fonis-siamthai-massage.de\/wp-content\/uploads\/2019\/08\/Bildschirmfoto-2019-08-07-um-00.29.00.png\" alt=\"\" class=\"wp-image-89\" srcset=\"https:\/\/fonis-siamthai-massage.de\/wp-content\/uploads\/2019\/08\/Bildschirmfoto-2019-08-07-um-00.29.00.png 407w, https:\/\/fonis-siamthai-massage.de\/wp-content\/uploads\/2019\/08\/Bildschirmfoto-2019-08-07-um-00.29.00-224x300.png 224w\" sizes=\"auto, (max-width: 407px) 100vw, 407px\" \/><\/figure><\/div>\n\n\n\n<h2 class=\"wp-block-heading\">Fonis Hot Stone-Massage<\/h2>\n\n\n\n<p>Diese seit Jahrtausenden angewandte Massagemethode wird&nbsp;mit bis zu 60 mineralhaltigen Basaltsteinen durchgef\u00fchrt.&nbsp;Sie wirkt sehr harmonisierend und die Muskulatur wird gelockert sowie eine bessere Durchblutung gef\u00f6rdert.<\/p>\n\n\n\n<p>Die Basaltsteine werden hierbei bis zu 60 Grad erhitzt und&nbsp;auf die Energiezentren des K\u00f6rpers verteilt.&nbsp;Diese Art von Massage wirkt sehr entspannend und gibt Ihrem K\u00f6rper das physische und seelische Gleichgewicht&nbsp;zur\u00fcck &#8211; probieren Sie es einfach einmal aus!<\/p>\n\n\n\n<div class=\"wp-block-image\"><figure class=\"aligncenter\"><img loading=\"lazy\" decoding=\"async\" width=\"733\" height=\"549\" src=\"https:\/\/fonis-siamthai-massage.de\/wp-content\/uploads\/2019\/08\/Bildschirmfoto-2019-08-07-um-00.29.52.png\" alt=\"\" class=\"wp-image-90\" srcset=\"https:\/\/fonis-siamthai-massage.de\/wp-content\/uploads\/2019\/08\/Bildschirmfoto-2019-08-07-um-00.29.52.png 733w, https:\/\/fonis-siamthai-massage.de\/wp-content\/uploads\/2019\/08\/Bildschirmfoto-2019-08-07-um-00.29.52-300x225.png 300w\" sizes=\"auto, (max-width: 733px) 100vw, 733px\" \/><\/figure><\/div>\n\n\n\n<h2 class=\"wp-block-heading\">Fonis Aroma-\u00d6l-Massage<\/h2>\n\n\n\n<p>Bei einer Aroma-\u00d6l-Massage spricht man auch von einer Aromatherapie, da das verwendete Massage\u00f6l in einem speziellen Verfahren mit ausgew\u00e4hlten \u00e4therischen \u00d6len angereichert und verfeinert wird.<\/p>\n\n\n\n<p>Mit sanften Sreichungen und Knetungen, wie sie aus der&nbsp;traditionellen Thai-Massage bekannt sind, wird durch den Einsatz dieser \u00e4hterischen \u00d6len eine Atmoph\u00e4re der Entspannung und des allgemeinen Wohlbefindens geschaffen.&nbsp;Das \u00e4hterische \u00d6l dringt w\u00e4hrend der Massage tief in die Haut ein und erm\u00f6glicht so eine geschmeidige und samtweiche Haut.<\/p>\n\n\n\n<p>Die Aromamassage f\u00f6rdert den Abbau von Stress,&nbsp;Giften, Schlacken und wirkt beruhigend, krampfl\u00f6send,&nbsp;schmerzlindernd sowie stimulierend. Das Wohlbefinden und die Zufriedenheit werden zudem&nbsp;noch gesteigert.<\/p>\n\n\n\n<div class=\"wp-block-image\"><figure class=\"aligncenter\"><img loading=\"lazy\" decoding=\"async\" width=\"443\" height=\"549\" src=\"https:\/\/fonis-siamthai-massage.de\/wp-content\/uploads\/2019\/08\/Bildschirmfoto-2019-08-07-um-00.30.52.png\" alt=\"\" class=\"wp-image-91\" srcset=\"https:\/\/fonis-siamthai-massage.de\/wp-content\/uploads\/2019\/08\/Bildschirmfoto-2019-08-07-um-00.30.52.png 443w, https:\/\/fonis-siamthai-massage.de\/wp-content\/uploads\/2019\/08\/Bildschirmfoto-2019-08-07-um-00.30.52-242x300.png 242w\" sizes=\"auto, (max-width: 443px) 100vw, 443px\" \/><\/figure><\/div>\n\n\n\n<h2 class=\"wp-block-heading\">Massage in Heidenheim<\/h2>\n\n\n\n<div class=\"wp-block-image\"><figure class=\"aligncenter\"><img loading=\"lazy\" decoding=\"async\" width=\"768\" height=\"1024\" src=\"https:\/\/fonis-siamthai-massage.de\/wp-content\/uploads\/2019\/08\/IMG_3074-768x1024.jpg\" alt=\"\" class=\"wp-image-21\"\/><\/figure><\/div>\n\n\n\n<h2 class=\"wp-block-heading\">Fonis Siamthai-Massage<\/h2>\n\n\n\n<div class=\"wp-block-image\"><figure class=\"aligncenter\"><img loading=\"lazy\" decoding=\"async\" width=\"1024\" height=\"768\" src=\"https:\/\/fonis-siamthai-massage.de\/wp-content\/uploads\/2019\/08\/IMG_3066-1024x768.jpg\" alt=\"\" class=\"wp-image-18\"\/><\/figure><\/div>\n\n\n\n<h2 class=\"wp-block-heading\">Fonis Thai-Massage<\/h2>\n\n\n\n<div class=\"wp-block-image\"><figure class=\"aligncenter\"><img loading=\"lazy\" decoding=\"async\" width=\"1024\" height=\"768\" src=\"https:\/\/fonis-siamthai-massage.de\/wp-content\/uploads\/2019\/08\/IMG_3070-1024x768.jpg\" alt=\"\" class=\"wp-image-19\"\/><\/figure><\/div>\n","protected":false},"excerpt":{"rendered":"<p>Fonis Kr\u00e4uterstempel &#8211; Massage Die traditionelle Thai &#8211; Kr\u00e4uterstempel &#8211; Massage ist eine&nbsp;spezifische Massageform, bei der die Harmonie von K\u00f6rper und Seele durch die orientalischen D\u00fcfte der Kr\u00e4uterzusammenstellungen wiederhergestellt wird. F\u00fcr die Herstellung solcher Herbal-Ball-Kompressen werden&nbsp;thail\u00e4ndische Kr\u00e4uter und Gew\u00fcrze zerkleinert und in ein&nbsp;faustgro\u00dfes Baumwoll- oder Leintuch gef\u00fcllt und mit einer&nbsp;speziellen Wickeltechnik zusammengebunden. Der Herbal Ball &hellip; <\/p>\n<p class=\"link-more\"><a href=\"https:\/\/fonis-siamthai-massage.de\/?page_id=79\" class=\"more-link\"><span class=\"screen-reader-text\">\u201eProdukte Thai-Massage\u201c <\/span>weiterlesen<\/a><\/p>\n","protected":false},"author":1,"featured_media":0,"parent":31,"menu_order":3,"comment_status":"closed","ping_status":"closed","template":"","meta":{"footnotes":""},"class_list":["post-79","page","type-page","status-publish","hentry"],"_links":{"self":[{"href":"https:\/\/fonis-siamthai-massage.de\/index.php?rest_route=\/wp\/v2\/pages\/79","targetHints":{"allow":["GET"]}}],"collection":[{"href":"https:\/\/fonis-siamthai-massage.de\/index.php?rest_route=\/wp\/v2\/pages"}],"about":[{"href":"https:\/\/fonis-siamthai-massage.de\/index.php?rest_route=\/wp\/v2\/types\/page"}],"author":[{"embeddable":true,"href":"https:\/\/fonis-siamthai-massage.de\/index.php?rest_route=\/wp\/v2\/users\/1"}],"replies":[{"embeddable":true,"href":"https:\/\/fonis-siamthai-massage.de\/index.php?rest_route=%2Fwp%2Fv2%2Fcomments&post=79"}],"version-history":[{"count":11,"href":"https:\/\/fonis-siamthai-massage.de\/index.php?rest_route=\/wp\/v2\/pages\/79\/revisions"}],"predecessor-version":[{"id":144,"href":"https:\/\/fonis-siamthai-massage.de\/index.php?rest_route=\/wp\/v2\/pages\/79\/revisions\/144"}],"up":[{"embeddable":true,"href":"https:\/\/fonis-siamthai-massage.de\/index.php?rest_route=\/wp\/v2\/pages\/31"}],"wp:attachment":[{"href":"https:\/\/fonis-siamthai-massage.de\/index.php?rest_route=%2Fwp%2Fv2%2Fmedia&parent=79"}],"curies":[{"name":"wp","href":"https:\/\/api.w.org\/{rel}","templated":true}]}}